{"id":209,"date":"2019-10-21T12:09:34","date_gmt":"2019-10-21T15:09:34","guid":{"rendered":"https:\/\/laes.unc.edu.ar\/?page_id=209"},"modified":"2023-10-05T14:56:59","modified_gmt":"2023-10-05T17:56:59","slug":"inicio","status":"publish","type":"page","link":"https:\/\/laesunc.fcq.unc.edu.ar\/","title":{"rendered":"Inicio"},"content":{"rendered":"<p>[vc_row css_animation=&#8221;&#8221; row_type=&#8221;row&#8221; use_row_as_full_screen_section=&#8221;no&#8221; type=&#8221;full_width&#8221; angled_section=&#8221;no&#8221; text_align=&#8221;left&#8221; background_image_as_pattern=&#8221;without_pattern&#8221; z_index=&#8221;&#8221;][vc_column width=&#8221;1\/6&#8243; offset=&#8221;vc_hidden-sm vc_hidden-xs&#8221;][\/vc_column][vc_column width=&#8221;2\/3&#8243; offset=&#8221;vc_hidden-sm vc_hidden-xs&#8221;][vc_empty_space height=&#8221;80px&#8221;][vc_column_text]<span style=\"font-weight: 400;\">El <strong>Laboratorio de Energ\u00edas Sustentables (LaES)<\/strong> es un espacio de Investigaci\u00f3n y Desarrollo Tecnol\u00f3gico conformado por un grupo interdisciplinario de f\u00edsicos, qu\u00edmicos e ingenieros. Naci\u00f3 en el a\u00f1o 2013 a partir del <strong>Programa de Investigaci\u00f3n y Desarrollo en Energ\u00edas Sustentables<\/strong> firmado entre las Facultades de Matem\u00e1tica, Astronom\u00eda, F\u00edsica y Computaci\u00f3n (<strong>FaMAFyC<\/strong>), la Facultad de Ciencias Qu\u00edmicas (<strong>FCQ<\/strong>) y la Facultad de Ciencias Exactas, F\u00edsicas y Naturales (<strong>FCEFyN<\/strong>) de la Universidad Nacional de C\u00f3rdoba (<strong>UNC<\/strong>). Depende tambi\u00e9n del Consejo Nacional de Investigaciones en Ciencia y T\u00e9cnica (<strong>CONICET<\/strong>) a trav\u00e9s de dos de sus institutos <span style=\"color: #0000ff;\">(<strong><a style=\"color: #0000ff;\" href=\"http:\/\/ifeg.famaf.unc.edu.ar\/es\/\">IFEG<\/a><\/strong><\/span> e <span style=\"color: #0000ff;\"><strong><a style=\"color: #0000ff;\" href=\"http:\/\/infiqc-fcq.psi.unc.edu.ar\/\">INFIQC<\/a><\/strong><\/span>) y fue declarado espacio de Innovaci\u00f3n Tecnol\u00f3gica de\u00a0 YPF Tecnolog\u00eda (<strong>Y-TEC<\/strong>), empresa de tecnolog\u00eda conformada por <strong>YPF<\/strong> y <strong>CONICET<\/strong>.\u00a0<\/span><\/p>\n<p><span style=\"font-weight: 400;\"><br \/>\nActualmente, las l\u00edneas de trabajo desarrolladas en el LaES se centran en <strong>formas de almacenamiento y transporte de energ\u00eda<\/strong>, particularmente bater\u00edas electroqu\u00edmicas basadas en litio y sistemas de almacenamiento de hidr\u00f3geno. Dichas l\u00edneas surgen a partir de la necesidad de <strong>facilitar el uso de energ\u00edas renovables<\/strong> y tambi\u00e9n de la <strong>posici\u00f3n estrat\u00e9gica que ocupa Argentina<\/strong> a nivel mundial debido a sus enormes reservas de litio en salares distribuidos en el noroeste del pa\u00eds.\u00a0<\/span><\/p>\n<p><span style=\"font-weight: 400;\"><br \/>\n<span style=\"color: #333333;\">Entre las distintas tareas que llevamos a cabo se encuentra el <strong>desarrollo y evaluaci\u00f3n de nuevos materiales<\/strong>, <strong>optimizaci\u00f3n de materiales conocidos y estudios de los procesos f\u00edsicos y qu\u00edmicos que ocurren dentro de los sistemas analizados<\/strong>. Para esto dise\u00f1amos un material, lo preparamos y caracterizamos mediante t\u00e9cnicas microsc\u00f3picas y espectrosc\u00f3picas en conjunto con estudios electroqu\u00edmicos b\u00e1sicos, elaboramos <strong>modelos din\u00e1micos experimentales y computacionales<\/strong> que describen y ayudan a comprender adecuadamente el funcionamiento de estos nuevos materiales y se desarrollan prototipos a nivel de laboratorio que permiten validar estos modelos. De esta manera se trabaja de manera c\u00edclica entre la estructura de los materiales, la combinaci\u00f3n de ellos y la performance final en el dispositivo de almacenamiento de energ\u00eda electroqu\u00edmica.<\/span><\/span>[\/vc_column_text][\/vc_column][vc_column width=&#8221;1\/6&#8243; offset=&#8221;vc_hidden-sm vc_hidden-xs&#8221;][\/vc_column][\/vc_row][vc_row css_animation=&#8221;&#8221; row_type=&#8221;row&#8221; use_row_as_full_screen_section=&#8221;no&#8221; type=&#8221;grid&#8221; angled_section=&#8221;no&#8221; text_align=&#8221;left&#8221; background_image_as_pattern=&#8221;without_pattern&#8221; z_index=&#8221;&#8221;][vc_column width=&#8221;1\/6&#8243; offset=&#8221;vc_hidden-lg vc_hidden-md&#8221;][\/vc_column][vc_column width=&#8221;2\/3&#8243; offset=&#8221;vc_hidden-lg vc_hidden-md&#8221;][vc_empty_space height=&#8221;50px&#8221;][vc_column_text]<span style=\"font-weight: 400;\">El <strong>Laboratorio de Energ\u00edas Sustentables (LaES)<\/strong> es un espacio de Investigaci\u00f3n y Desarrollo Tecnol\u00f3gico conformado por un grupo interdisciplinario de f\u00edsicos, qu\u00edmicos e ingenieros. Naci\u00f3 en el a\u00f1o 2014 a partir del <strong>Programa de Investigaci\u00f3n y Desarrollo en Energ\u00edas Sustentables<\/strong> firmado entre las Facultades de Matem\u00e1tica, Astronom\u00eda, F\u00edsica y Computaci\u00f3n (<strong>FaMAFyC<\/strong>), la Facultad de Ciencias Qu\u00edmicas (<strong>FCQ<\/strong>) y la Facultad de Ciencias Exactas, F\u00edsicas y Naturales (<strong>FCEFyN<\/strong>) de la Universidad Nacional de C\u00f3rdoba (<strong>UNC<\/strong>). Depende tambi\u00e9n del Consejo Nacional de Investigaciones en Ciencia y T\u00e9cnica (<strong>CONICET<\/strong>) y fue declarado espacio de Innovaci\u00f3n Tecnol\u00f3gica de\u00a0 YPF Tecnolog\u00eda (<strong>Y-TEC<\/strong>), empresa de tecnolog\u00eda conformada por <strong>YPF<\/strong> y <strong>CONICET<\/strong>.\u00a0<\/span><\/p>\n<p><span style=\"font-weight: 400;\"><br \/>\nActualmente, las l\u00edneas de trabajo desarrolladas en el LaES se centran en <strong>formas de almacenamiento y transporte de energ\u00eda<\/strong>, particularmente bater\u00edas electroqu\u00edmicas basadas en litio y sistemas de almacenamiento de hidr\u00f3geno. Dichas l\u00edneas surgen a partir de la necesidad de <strong>facilitar el uso de energ\u00edas renovables<\/strong> y tambi\u00e9n de la <strong>posici\u00f3n estrat\u00e9gica que ocupa Argentina<\/strong> a nivel mundial debido a sus enormes reservas de litio en salares distribuidos en el noroeste del pa\u00eds.\u00a0<\/span><\/p>\n<p><span style=\"font-weight: 400;\"><br \/>\n<span style=\"color: #333333;\">Entre las distintas tareas que llevamos a cabo se encuentra el <strong>desarrollo y evaluaci\u00f3n de nuevos materiales<\/strong>, <strong>optimizaci\u00f3n de materiales conocidos y estudios de los procesos f\u00edsicos y qu\u00edmicos que ocurren dentro de los sistemas analizados<\/strong>. Para esto dise\u00f1amos un material, lo preparamos y caracterizamos mediante t\u00e9cnicas microsc\u00f3picas y espectrosc\u00f3picas en conjunto con estudios electroqu\u00edmicos b\u00e1sicos, elaboramos <strong>modelos din\u00e1micos experimentales y computacionales<\/strong> que describen y ayudan a comprender adecuadamente el funcionamiento de estos nuevos materiales y se desarrollan prototipos a nivel de laboratorio que permiten validar estos modelos. De esta manera se trabaja de manera c\u00edclica entre la estructura de los materiales, la combinaci\u00f3n de ellos y la performance final en el dispositivo de almacenamiento de energ\u00eda electroqu\u00edmica.<\/span><\/span>[\/vc_column_text][\/vc_column][vc_column width=&#8221;1\/6&#8243; offset=&#8221;vc_hidden-lg vc_hidden-md&#8221;][\/vc_column][\/vc_row][vc_row css_animation=&#8221;&#8221; row_type=&#8221;row&#8221; use_row_as_full_screen_section=&#8221;no&#8221; type=&#8221;full_width&#8221; angled_section=&#8221;no&#8221; text_align=&#8221;left&#8221; background_image_as_pattern=&#8221;without_pattern&#8221;][vc_column][vc_empty_space height=&#8221;80px&#8221;][\/vc_column][\/vc_row][vc_row css_animation=&#8221;&#8221; row_type=&#8221;row&#8221; use_row_as_full_screen_section=&#8221;no&#8221; type=&#8221;full_width&#8221; angled_section=&#8221;no&#8221; text_align=&#8221;left&#8221; background_image_as_pattern=&#8221;without_pattern&#8221; css=&#8221;.vc_custom_1572292652353{background-color: #dc983b !important;}&#8221; z_index=&#8221;&#8221;][vc_column width=&#8221;1\/6&#8243;][\/vc_column][vc_column width=&#8221;2\/3&#8243;][vc_empty_space][vc_video link=&#8221;https:\/\/www.youtube.com\/watch?v=zVvNEvoKWgA&#8221; align=&#8221;center&#8221;][vc_empty_space][\/vc_column][vc_column width=&#8221;1\/6&#8243;][\/vc_column][\/vc_row][vc_row css_animation=&#8221;&#8221; row_type=&#8221;row&#8221; use_row_as_full_screen_section=&#8221;no&#8221; type=&#8221;full_width&#8221; angled_section=&#8221;no&#8221; text_align=&#8221;left&#8221; background_image_as_pattern=&#8221;without_pattern&#8221; css=&#8221;.vc_custom_1572289304770{background-color: #5f5f5f !important;}&#8221; z_index=&#8221;&#8221;][vc_column width=&#8221;1\/6&#8243; offset=&#8221;vc_hidden-sm vc_hidden-xs&#8221;][\/vc_column][vc_column width=&#8221;1\/4&#8243; offset=&#8221;vc_hidden-sm vc_hidden-xs&#8221;][vc_empty_space height=&#8221;50px&#8221;]<div class=\"image_with_text\"><img decoding=\"async\" itemprop=\"image\" src=\"https:\/\/laesunc.fcq.unc.edu.ar\/wp-content\/uploads\/2019\/10\/isologo-light.png\" alt=\"\" \/><h3 ><\/h3><span style=\"margin: 6px 0px;\" class=\"separator transparent\"><\/span><\/p>\n<h6><span style=\"color: #ffffff;\"><span style=\"font-weight: 400;\">Mail: <\/span><a style=\"color: #ffffff;\" href=\"mailto:laes.lab.unc@gmail.com\"><span style=\"font-weight: 400;\">laes.lab.unc@gmail.com<\/span><\/a><\/span><br \/>\n<span style=\"color: #ffffff;\"><span style=\"font-weight: 400;\">Direcci\u00f3n: Av. Medina Allende N\u00b02144, Ciudad Universitaria<br \/>\nCP: X5000HUA C\u00f3rdoba, Argentina<\/span><span style=\"font-weight: 400;\"><br \/>\n<\/span><span style=\"font-weight: 400;\">Tel\u00e9fono: \u200e+54 9 351 535-3701 int. (41450\/41409)<\/span><\/span><\/h6>\n<p><\/div>[vc_empty_space height=&#8221;50px&#8221;][\/vc_column][vc_column width=&#8221;1\/6&#8243; offset=&#8221;vc_hidden-sm vc_hidden-xs&#8221;][\/vc_column][vc_column width=&#8221;1\/4&#8243; offset=&#8221;vc_hidden-sm vc_hidden-xs&#8221;][vc_empty_space height=&#8221;50px&#8221;][vc_gmaps link=&#8221;#E-8_JTNDaWZyYW1lJTIwc3JjJTNEJTIyaHR0cHMlM0ElMkYlMkZ3d3cuZ29vZ2xlLmNvbSUyRm1hcHMlMkZlbWJlZCUzRnBiJTNEJTIxMW0xOCUyMTFtMTIlMjExbTMlMjExZDM0MDQuMTIyMjEyMDIyMDQ3NyUyMTJkLTY0LjE5NTkwMDc4NDg1MTQlMjEzZC0zMS40MzgzMDIyODEzOTY4MTUlMjEybTMlMjExZjAlMjEyZjAlMjEzZjAlMjEzbTIlMjExaTEwMjQlMjEyaTc2OCUyMTRmMTMuMSUyMTNtMyUyMTFtMiUyMTFzMHg5NDMyYTM3YjUzYTgxZDg1JTI1M0EweGU4N2RkZmU5M2Q0ZGI3NDUlMjEyc0xhYm9yYXRvcmlvJTI1MjBkZSUyNTIwRW5lcmclMjVDMyUyNUFEYXMlMjUyMFN1c3RlbnRhYmxlcyUyMTVlMCUyMTNtMiUyMTFzZXMtNDE5JTIxMnNhciUyMTR2MTYzNzcxMTUzMjUzNCUyMTVtMiUyMTFzZXMtNDE5JTIxMnNhciUyMiUyMHdpZHRoJTNEJTIyNjAwJTIyJTIwaGVpZ2h0JTNEJTIyNDUwJTIyJTIwc3R5bGUlM0QlMjJib3JkZXIlM0EwJTNCJTIyJTIwYWxsb3dmdWxsc2NyZWVuJTNEJTIyJTIyJTIwbG9hZGluZyUzRCUyMmxhenklMjIlM0UlM0MlMkZpZnJhbWUlM0U=&#8221; size=&#8221;300&#8243;][vc_empty_space height=&#8221;50px&#8221;][\/vc_column][vc_column width=&#8221;1\/6&#8243; offset=&#8221;vc_hidden-sm vc_hidden-xs&#8221;][\/vc_column][vc_column width=&#8221;1\/6&#8243; offset=&#8221;vc_hidden-sm vc_hidden-xs&#8221;][\/vc_column][\/vc_row][vc_row css_animation=&#8221;&#8221; row_type=&#8221;row&#8221; use_row_as_full_screen_section=&#8221;no&#8221; type=&#8221;grid&#8221; angled_section=&#8221;no&#8221; text_align=&#8221;left&#8221; background_image_as_pattern=&#8221;without_pattern&#8221; css=&#8221;.vc_custom_1582286541173{background-color: #5f5f5f !important;}&#8221; z_index=&#8221;&#8221;][vc_column width=&#8221;1\/6&#8243; offset=&#8221;vc_hidden-lg vc_hidden-md&#8221;][\/vc_column][vc_column width=&#8221;1\/4&#8243; offset=&#8221;vc_hidden-lg vc_hidden-md&#8221;][vc_empty_space height=&#8221;50px&#8221;]<div class=\"image_with_text\"><img decoding=\"async\" itemprop=\"image\" src=\"https:\/\/laesunc.fcq.unc.edu.ar\/wp-content\/uploads\/2019\/10\/isologo-light.png\" alt=\"\" \/><h3 ><\/h3><span style=\"margin: 6px 0px;\" class=\"separator transparent\"><\/span><\/p>\n<h6><span style=\"color: #ffffff;\"><span style=\"font-weight: 400;\">Mail: <\/span><a style=\"color: #ffffff;\" href=\"mailto:laes.lab.unc@gmail.com\"><span style=\"font-weight: 400;\">laes.lab.unc@gmail.com<\/span><\/a><\/span><br \/>\n<span style=\"color: #ffffff;\"><span style=\"font-weight: 400;\">Direcci\u00f3n: Av. Medina Allende N\u00b02144, Ciudad Universitaria<br \/>\nCP: X5000HUA C\u00f3rdoba, Argentina<\/span><span style=\"font-weight: 400;\"><br \/>\n<\/span><span style=\"font-weight: 400;\">Tel\u00e9fono: \u200e+54 9 351 535-3701 int. (41450)<\/span><\/span><\/h6>\n<p><\/div>[vc_empty_space height=&#8221;50px&#8221;][\/vc_column][vc_column width=&#8221;1\/6&#8243; offset=&#8221;vc_hidden-lg vc_hidden-md&#8221;][\/vc_column][vc_column width=&#8221;1\/4&#8243; offset=&#8221;vc_hidden-lg vc_hidden-md&#8221;][vc_empty_space height=&#8221;50px&#8221;][vc_gmaps link=&#8221;#E-8_JTNDaWZyYW1lJTIwc3JjJTNEJTIyaHR0cHMlM0ElMkYlMkZ3d3cuZ29vZ2xlLmNvbSUyRm1hcHMlMkZlbWJlZCUzRnBiJTNEJTIxMW0xOCUyMTFtMTIlMjExbTMlMjExZDE3MDIuMDYzOTg1NzU1NDA0NyUyMTJkLTY0LjE5NDQ2NTc0MTk1NDA1JTIxM2QtMzEuNDM4MTQzNzA2ODc3MDQ2JTIxMm0zJTIxMWYwJTIxMmYwJTIxM2YwJTIxM20yJTIxMWkxMDI0JTIxMmk3NjglMjE0ZjEzLjElMjEzbTMlMjExbTIlMjExczB4OTQzMmEyZjUwYzA4MDk4NSUyNTNBMHhlYzFlNGM2NmZlMDllODI2JTIxMnNVTkMlMjUyMC0lMjUyMEZhY3VsdGFkJTI1MjBkZSUyNTIwTWF0ZW0lMjVDMyUyNUExdGljYSUyNTJDJTI1MjBBc3Ryb25vbSUyNUMzJTI1QURhJTI1MjB5JTI1MjBGJTI1QzMlMjVBRHNpY2ElMjE1ZTAlMjEzbTIlMjExc2VzLTQxOSUyMTJzYXIlMjE0djE1NzE2NzI2NzIwMjklMjE1bTIlMjExc2VzLTQxOSUyMTJzYXIlMjIlMjB3aWR0aCUzRCUyMjYwMCUyMiUyMGhlaWdodCUzRCUyMjQ1MCUyMiUyMGZyYW1lYm9yZGVyJTNEJTIyMCUyMiUyMHN0eWxlJTNEJTIyYm9yZGVyJTNBMCUzQiUyMiUyMGFsbG93ZnVsbHNjcmVlbiUzRCUyMiUyMiUzRSUzQyUyRmlmcmFtZSUzRQ==&#8221; size=&#8221;300&#8243;][vc_empty_space height=&#8221;50px&#8221;][\/vc_column][vc_column width=&#8221;1\/6&#8243; offset=&#8221;vc_hidden-lg vc_hidden-md&#8221;][\/vc_column][vc_column width=&#8221;1\/6&#8243; offset=&#8221;vc_hidden-lg vc_hidden-md&#8221;][\/vc_column][\/vc_row]<\/p>\n","protected":false},"excerpt":{"rendered":"<p>[vc_row css_animation=&#8221;&#8221; row_type=&#8221;row&#8221; use_row_as_full_screen_section=&#8221;no&#8221; type=&#8221;full_width&#8221; angled_section=&#8221;no&#8221; text_align=&#8221;left&#8221; background_image_as_pattern=&#8221;without_pattern&#8221; z_index=&#8221;&#8221;][vc_column width=&#8221;1\/6&#8243; offset=&#8221;vc_hidden-sm vc_hidden-xs&#8221;][\/vc_column][vc_column width=&#8221;2\/3&#8243; offset=&#8221;vc_hidden-sm vc_hidden-xs&#8221;][vc_empty_space height=&#8221;80px&#8221;][vc_column_text]El Laboratorio de Energ\u00edas Sustentables (LaES) es un espacio de Investigaci\u00f3n y Desarrollo Tecnol\u00f3gico conformado por un grupo interdisciplinario de f\u00edsicos, qu\u00edmicos e ingenieros. Naci\u00f3 en el a\u00f1o 2013 a&#8230;<\/p>\n","protected":false},"author":1,"featured_media":0,"parent":0,"menu_order":0,"comment_status":"closed","ping_status":"closed","template":"full_width.php","meta":{"footnotes":""},"class_list":["post-209","page","type-page","status-publish","hentry"],"_links":{"self":[{"href":"https:\/\/laesunc.fcq.unc.edu.ar\/index.php?rest_route=\/wp\/v2\/pages\/209"}],"collection":[{"href":"https:\/\/laesunc.fcq.unc.edu.ar\/index.php?rest_route=\/wp\/v2\/pages"}],"about":[{"href":"https:\/\/laesunc.fcq.unc.edu.ar\/index.php?rest_route=\/wp\/v2\/types\/page"}],"author":[{"embeddable":true,"href":"https:\/\/laesunc.fcq.unc.edu.ar\/index.php?rest_route=\/wp\/v2\/users\/1"}],"replies":[{"embeddable":true,"href":"https:\/\/laesunc.fcq.unc.edu.ar\/index.php?rest_route=%2Fwp%2Fv2%2Fcomments&post=209"}],"version-history":[{"count":99,"href":"https:\/\/laesunc.fcq.unc.edu.ar\/index.php?rest_route=\/wp\/v2\/pages\/209\/revisions"}],"predecessor-version":[{"id":1254,"href":"https:\/\/laesunc.fcq.unc.edu.ar\/index.php?rest_route=\/wp\/v2\/pages\/209\/revisions\/1254"}],"wp:attachment":[{"href":"https:\/\/laesunc.fcq.unc.edu.ar\/index.php?rest_route=%2Fwp%2Fv2%2Fmedia&parent=209"}],"curies":[{"name":"wp","href":"https:\/\/api.w.org\/{rel}","templated":true}]}}