{"id":392,"date":"2019-10-24T10:56:37","date_gmt":"2019-10-24T13:56:37","guid":{"rendered":"https:\/\/laes.unc.edu.ar\/?page_id=392"},"modified":"2024-08-19T16:06:36","modified_gmt":"2024-08-19T19:06:36","slug":"tesis","status":"publish","type":"page","link":"https:\/\/laesunc.fcq.unc.edu.ar\/?page_id=392","title":{"rendered":"Tesis"},"content":{"rendered":"<p>[vc_row css_animation=&#8221;&#8221; row_type=&#8221;row&#8221; use_row_as_full_screen_section=&#8221;no&#8221; type=&#8221;full_width&#8221; angled_section=&#8221;no&#8221; text_align=&#8221;left&#8221; background_image_as_pattern=&#8221;without_pattern&#8221;][vc_column][vc_empty_space height=&#8221;80px&#8221;][\/vc_column][\/vc_row][vc_row css_animation=&#8221;&#8221; row_type=&#8221;row&#8221; use_row_as_full_screen_section=&#8221;no&#8221; type=&#8221;grid&#8221; angled_section=&#8221;no&#8221; text_align=&#8221;left&#8221; background_image_as_pattern=&#8221;without_pattern&#8221; z_index=&#8221;&#8221;][vc_column][vc_column_text]<\/p>\n<h2>Tesis de Postgrado<\/h2>\n<p>[\/vc_column_text][vc_empty_space][\/vc_column][\/vc_row][vc_row css_animation=&#8221;&#8221; row_type=&#8221;row&#8221; use_row_as_full_screen_section=&#8221;no&#8221; type=&#8221;grid&#8221; angled_section=&#8221;no&#8221; text_align=&#8221;left&#8221; background_image_as_pattern=&#8221;without_pattern&#8221; z_index=&#8221;&#8221;][vc_column width=&#8221;1\/5&#8243;]<div class=\"q_image_with_text_over q_iwto_hover\"><div class=\"shader\" style = \"background-color: rgba(68,68,68,0.61)\"><\/div><div class=\"shader_hover\" style=\"background-color: rgba(0,0,0,0.8)\"><\/div><img decoding=\"async\" itemprop=\"image\" src=\"https:\/\/laesunc.fcq.unc.edu.ar\/wp-content\/uploads\/2019\/10\/Portada-TesisDoc-FCQ-2016-Desarrollo-de-materiales-para-empleo-en-vectores-de-energia-limpia-1.jpg\" alt=\"Desarrollo de materiales para empleo en vectores de energ\u00eda limpia: almacenamiento de hidr\u00f3geno y bater\u00edas de litio\" \/><div class=\"text\"><table><tr><td><h6 class=\"caption no_icon\" style=\"\">Desarrollo de materiales para empleo en vectores de energ\u00eda limpia: almacenamiento de hidr\u00f3geno y bater\u00edas de litio<\/h6><\/td><\/tr><\/table><table><tr><td><div class=\"desc\"><\/p>\n<p style=\"text-align: center;\"><span style=\"color: #ffffff;\"><a style=\"color: #ffffff;\" href=\"https:\/\/laes.unc.edu.ar\/wp-content\/uploads\/2019\/10\/TesisDoc-FCQ-2016-Desarrollo-de-materiales-para-empleo-en-vectores-de-energia-limpia.pdf\" target=\"_blank\" rel=\"noopener noreferrer\"><b>Carla B. Robledo<\/b><span style=\"font-weight: 400;\"><br \/>\n<\/span><span style=\"font-weight: 400;\">2016<\/span><span style=\"font-weight: 400;\"><br \/>\n<\/span><span style=\"font-weight: 400;\">Doctora en Qu\u00edmica<\/span><\/a><\/span><\/p>\n<p><\/div><\/td><\/tr><\/table><\/div><\/div>[\/vc_column][vc_column width=&#8221;1\/5&#8243;][\/vc_column][vc_column width=&#8221;1\/5&#8243;]<div class=\"q_image_with_text_over q_iwto_hover\"><div class=\"shader\" style = \"background-color: rgba(68,68,68,0.84)\"><\/div><div class=\"shader_hover\" style=\"background-color: rgba(0,0,0,0.83)\"><\/div><img decoding=\"async\" itemprop=\"image\" src=\"https:\/\/laesunc.fcq.unc.edu.ar\/wp-content\/uploads\/2020\/07\/Portada-TesisDoc-FCQ-Chauque.jpg\" alt=\"Desarrollo de materiales a base de di\u00f3xido de titanio para empleo como electrodo negativo en bater\u00edas de ion-litio\" \/><div class=\"text\"><table><tr><td><h6 class=\"caption no_icon\" style=\"\">Desarrollo de materiales a base de di\u00f3xido de titanio para empleo como electrodo negativo en bater\u00edas de ion-litio<\/h6><\/td><\/tr><\/table><table><tr><td><div class=\"desc\"><\/p>\n<p style=\"text-align: center;\"><span style=\"color: #ffffff;\"><a style=\"color: #ffffff;\" href=\"https:\/\/laes.unc.edu.ar\/wp-content\/uploads\/2020\/07\/TesisDoc-FCQ-2017-Chauque.pdf\" target=\"_blank\" rel=\"noopener noreferrer\"><b>Susana Chauque<\/b><span style=\"font-weight: 400;\"><br \/>\n<\/span><span style=\"font-weight: 400;\">2017<\/span><span style=\"font-weight: 400;\"><br \/>\n<\/span><span style=\"font-weight: 400;\">Doctora en Qu\u00edmica<\/span><\/a><\/span><\/p>\n<p><\/div><\/td><\/tr><\/table><\/div><\/div>[\/vc_column][vc_column width=&#8221;1\/5&#8243;][\/vc_column][vc_column width=&#8221;1\/5&#8243;]<div class=\"q_image_with_text_over q_iwto_hover\"><div class=\"shader\" style = \"background-color: rgba(68,68,68,0.73)\"><\/div><div class=\"shader_hover\" style=\"background-color: rgba(0,0,0,0.8)\"><\/div><img decoding=\"async\" itemprop=\"image\" src=\"https:\/\/laesunc.fcq.unc.edu.ar\/wp-content\/uploads\/2020\/07\/Portada-TesisDoc-FaMAF-2018-Otero.jpg\" alt=\"Desarrollo de nuevos materiales nanoestructurados con aplicaci\u00f3n en bater\u00edas de ion-litio\" \/><div class=\"text\"><table><tr><td><h6 class=\"caption no_icon\" style=\"\">Desarrollo de nuevos materiales nanoestructurados con aplicaci\u00f3n en bater\u00edas de ion-litio<\/h6><\/td><\/tr><\/table><table><tr><td><div class=\"desc\"><\/p>\n<p style=\"text-align: center;\"><span style=\"color: #ffffff;\"><a style=\"color: #ffffff;\" href=\"https:\/\/laes.unc.edu.ar\/wp-content\/uploads\/2020\/07\/TesisDoc-FaMAF-2018-Otero.pdf\" target=\"_blank\" rel=\"noopener noreferrer\"><b>Manuel Otero<\/b><span style=\"font-weight: 400;\"><br \/>\n<\/span><span style=\"font-weight: 400;\">2018<\/span><span style=\"font-weight: 400;\"><br \/>\n<\/span><span style=\"font-weight: 400;\">Doctor en F\u00edsica<\/span><\/a><\/span><\/p>\n<p><\/div><\/td><\/tr><\/table><\/div><\/div>[\/vc_column][\/vc_row][vc_row css_animation=&#8221;&#8221; row_type=&#8221;row&#8221; use_row_as_full_screen_section=&#8221;no&#8221; type=&#8221;grid&#8221; angled_section=&#8221;no&#8221; text_align=&#8221;left&#8221; background_image_as_pattern=&#8221;without_pattern&#8221; z_index=&#8221;&#8221;][vc_column width=&#8221;1\/5&#8243;]<div class=\"q_image_with_text_over q_iwto_hover\"><div class=\"shader\" style = \"background-color: rgba(68,68,68,0.61)\"><\/div><div class=\"shader_hover\" style=\"background-color: rgba(0,0,0,0.8)\"><\/div><img decoding=\"async\" itemprop=\"image\" src=\"https:\/\/laesunc.fcq.unc.edu.ar\/wp-content\/uploads\/2022\/07\/tapa-tesis-sacha-1.jpg\" alt=\"S\u00edntesis y Caracterizaci\u00f3n de Materiales para Electrodos de Bater\u00edas de I\u00f3n Litio\" \/><div class=\"text\"><table><tr><td><h6 class=\"caption no_icon\" style=\"\">S\u00edntesis y Caracterizaci\u00f3n de Materiales para Electrodos de Bater\u00edas de I\u00f3n Litio<\/h6><\/td><\/tr><\/table><table><tr><td><div class=\"desc\"><\/p>\n<p style=\"text-align: center;\"><span style=\"color: #ffffff;\"><a style=\"color: #ffffff;\" href=\"https:\/\/laes.unc.edu.ar\/wp-content\/uploads\/2022\/07\/Tesis-Smrekar-2020.pdf\" target=\"_blank\" rel=\"noopener noreferrer\"><b>Sacha Smrekar<\/b><span style=\"font-weight: 400;\"><br \/>\n<\/span><span style=\"font-weight: 400;\">2020<\/span><span style=\"font-weight: 400;\"><br \/>\n<\/span><\/a><a style=\"color: #ffffff;\" href=\"https:\/\/laes.unc.edu.ar\/wp-content\/uploads\/2020\/07\/TesisDoc-FaMAF-2018-Otero.pdf\" target=\"_blank\" rel=\"noopener noreferrer\">Doctor en F\u00edsica<\/a><\/span><\/p>\n<p><\/div><\/td><\/tr><\/table><\/div><\/div>[\/vc_column][vc_column width=&#8221;1\/5&#8243;][\/vc_column][vc_column width=&#8221;1\/5&#8243;]<div class=\"q_image_with_text_over q_iwto_hover\"><div class=\"shader\" style = \"background-color: rgba(68,68,68,0.61)\"><\/div><div class=\"shader_hover\" style=\"background-color: rgba(0,0,0,0.8)\"><\/div><img decoding=\"async\" itemprop=\"image\" src=\"https:\/\/laesunc.fcq.unc.edu.ar\/wp-content\/uploads\/2022\/07\/tesis-maria.jpg\" alt=\"Desarrollo de Nuevos Materiales Activos para Bater\u00edas de Nueva Generaci\u00f3n: Estudios Experimentales y Te\u00f3ricos\" \/><div class=\"text\"><table><tr><td><h6 class=\"caption no_icon\" style=\"\">Desarrollo de Nuevos Materiales Activos para Bater\u00edas de Nueva Generaci\u00f3n: Estudios Experimentales y Te\u00f3ricos<\/h6><\/td><\/tr><\/table><table><tr><td><div class=\"desc\"><\/p>\n<p style=\"text-align: center;\"><span style=\"color: #ffffff;\"><a style=\"color: #ffffff;\" href=\"https:\/\/laesunc.fcq.unc.edu.ar\/wp-content\/uploads\/2023\/04\/Tesis_Maria_ROJAS.pdf\" target=\"_blank\" rel=\"noopener noreferrer\"><b>Mar\u00eda Del Carmen Rojas<\/b><span style=\"font-weight: 400;\"><br \/>\n<\/span><span style=\"font-weight: 400;\">2021<\/span><span style=\"font-weight: 400;\"><br \/>\n<\/span><span style=\"font-weight: 400;\">Doctora en F\u00edsica<\/span><\/a><\/span><\/p>\n<p><\/div><\/td><\/tr><\/table><\/div><\/div>[\/vc_column][vc_column width=&#8221;1\/5&#8243;][\/vc_column][vc_column width=&#8221;1\/5&#8243;]<div class=\"q_image_with_text_over q_iwto_hover\"><div class=\"shader\" style = \"background-color: rgba(68,68,68,0.61)\"><\/div><div class=\"shader_hover\" style=\"background-color: rgba(0,0,0,0.8)\"><\/div><img decoding=\"async\" itemprop=\"image\" src=\"https:\/\/laesunc.fcq.unc.edu.ar\/wp-content\/uploads\/2022\/07\/tesis-maria.jpg\" alt=\"Dise\u00f1o y S\u00edntesis de Materiales para Barreras de Litio-Azufre y de Ion Litio\" \/><div class=\"text\"><table><tr><td><h6 class=\"caption no_icon\" style=\"\">Dise\u00f1o y S\u00edntesis de Materiales para Barreras de Litio-Azufre y de Ion Litio<\/h6><\/td><\/tr><\/table><table><tr><td><div class=\"desc\"><\/p>\n<p style=\"text-align: center;\"><span style=\"color: #ffffff;\"><a style=\"color: #ffffff;\" href=\"https:\/\/laes.unc.edu.ar\/wp-content\/uploads\/2023\/10\/tesis_garcia_soriano-3-142.pdf\" target=\"_blank\" rel=\"noopener noreferrer\"><b>Francisco Javier Garc\u00eda Soriano<\/b><span style=\"font-weight: 400;\"><br \/>\n<\/span><span style=\"font-weight: 400;\">2022<\/span><span style=\"font-weight: 400;\"><br \/>\n<\/span><span style=\"font-weight: 400;\">Doctor en F\u00edsica<\/span><\/a><\/span><\/p>\n<p><\/div><\/td><\/tr><\/table><\/div><\/div>[\/vc_column][\/vc_row][vc_row css_animation=&#8221;&#8221; row_type=&#8221;row&#8221; use_row_as_full_screen_section=&#8221;no&#8221; type=&#8221;grid&#8221; angled_section=&#8221;no&#8221; text_align=&#8221;left&#8221; background_image_as_pattern=&#8221;without_pattern&#8221; z_index=&#8221;&#8221;][vc_column][vc_empty_space][vc_empty_space][vc_column_text]<\/p>\n<h2>Tesis de Grado<\/h2>\n<p>[\/vc_column_text][vc_empty_space][\/vc_column][\/vc_row][vc_row css_animation=&#8221;&#8221; row_type=&#8221;row&#8221; use_row_as_full_screen_section=&#8221;no&#8221; type=&#8221;grid&#8221; angled_section=&#8221;no&#8221; text_align=&#8221;left&#8221; background_image_as_pattern=&#8221;without_pattern&#8221; z_index=&#8221;&#8221;][vc_column width=&#8221;1\/5&#8243; css=&#8221;.vc_custom_1572477926049{margin-bottom: -10px !important;}&#8221;]<div class=\"q_image_with_text_over q_iwto_hover\"><div class=\"shader\" style = \"background-color: rgba(68,68,68,0.7)\"><\/div><div class=\"shader_hover\" style=\"background-color: rgba(0,0,0,0.9)\"><\/div><img decoding=\"async\" itemprop=\"image\" src=\"https:\/\/laesunc.fcq.unc.edu.ar\/wp-content\/uploads\/2019\/10\/Portada-TrabajoFinal-FaMAF-2018-Desarrollo-de-electrodos-para-baterias-de-Litio-Azufre-1.jpg\" alt=\"Desarrollo de electrodos para bater\u00edas de Litio-Azufre\" \/><div class=\"text\"><table><tr><td><h6 class=\"caption no_icon\" style=\"\">Desarrollo de electrodos para bater\u00edas de Litio-Azufre<\/h6><\/td><\/tr><\/table><table><tr><td><div class=\"desc\"><\/p>\n<p style=\"text-align: center;\"><span style=\"color: #ffffff;\"><a style=\"color: #ffffff;\" href=\"https:\/\/laes.unc.edu.ar\/wp-content\/uploads\/2019\/10\/TrabajoFinal-FaMAF-2018-Desarrollo-de-electrodos-para-baterias-de-Litio-Azufre.pdf\" target=\"_blank\" rel=\"noopener noreferrer\"><b>Francisco J. Garc\u00eda Soriano<\/b><span style=\"font-weight: 400;\"><br \/>\n<\/span><span style=\"font-weight: 400;\">2018<\/span><span style=\"font-weight: 400;\"><br \/>\n<\/span><span style=\"font-weight: 400;\">Licenciado en F\u00edsica<\/span><\/a><\/span><\/p>\n<p><\/div><\/td><\/tr><\/table><\/div><\/div>[vc_empty_space][\/vc_column][vc_column width=&#8221;1\/5&#8243;][\/vc_column][vc_column width=&#8221;1\/5&#8243;]<div class=\"q_image_with_text_over q_iwto_hover\"><div class=\"shader\" style = \"background-color: rgba(68,68,68,0.7)\"><\/div><div class=\"shader_hover\" style=\"background-color: rgba(0,0,0,0.9)\"><\/div><img decoding=\"async\" itemprop=\"image\" src=\"https:\/\/laesunc.fcq.unc.edu.ar\/wp-content\/uploads\/2020\/09\/maga_tesina.png\" alt=\"Dise\u00f1o Experimental y Estudio Te\u00f3rico de C\u00e1todos para Bater\u00edas de Litio Azufre\" \/><div class=\"text\"><table><tr><td><h6 class=\"caption no_icon\" style=\"\">Dise\u00f1o Experimental y Estudio Te\u00f3rico de C\u00e1todos para Bater\u00edas de Litio Azufre<\/h6><\/td><\/tr><\/table><table><tr><td><div class=\"desc\"><\/p>\n<p style=\"text-align: center;\"><span style=\"color: #ffffff;\"><a style=\"color: #ffffff;\" href=\"https:\/\/laes.unc.edu.ar\/wp-content\/uploads\/2020\/09\/INFORME-PPLQ-GIMENO-1.pdf\" target=\"_blank\" rel=\"noopener noreferrer\"><b>Magal\u00ed Gimeno<\/b><span style=\"font-weight: 400;\"><br \/>\n<\/span><span style=\"font-weight: 400;\">2019<\/span><span style=\"font-weight: 400;\"><br \/>\n<\/span><span style=\"font-weight: 400;\">Licenciada en Qu\u00edmica<\/span><\/a><\/span><\/p>\n<p><\/div><\/td><\/tr><\/table><\/div><\/div>[vc_empty_space][\/vc_column][vc_column width=&#8221;1\/5&#8243;][\/vc_column][vc_column width=&#8221;1\/5&#8243;]<div class=\"q_image_with_text_over q_iwto_hover\"><div class=\"shader\" style = \"background-color: rgba(68,68,68,0.7)\"><\/div><div class=\"shader_hover\" style=\"background-color: rgba(0,0,0,0.9)\"><\/div><img decoding=\"async\" itemprop=\"image\" src=\"https:\/\/laesunc.fcq.unc.edu.ar\/wp-content\/uploads\/2020\/09\/pau_tesina.png\" alt=\"Estudio te\u00f3rico y experimental de los procesos de deposici\u00f3n y disoluci\u00f3n de Litio met\u00e1lico\" \/><div class=\"text\"><table><tr><td><h6 class=\"caption no_icon\" style=\"\">Estudio te\u00f3rico y experimental de los procesos de deposici\u00f3n y disoluci\u00f3n de Litio met\u00e1lico<\/h6><\/td><\/tr><\/table><table><tr><td><div class=\"desc\"><\/p>\n<p style=\"text-align: center;\"><span style=\"color: #ffffff;\"><a style=\"color: #ffffff;\" href=\"https:\/\/laes.unc.edu.ar\/wp-content\/uploads\/2020\/09\/Informe-Practicanato_Saravia.pdf\" target=\"_blank\" rel=\"noopener noreferrer\"><b>Paula Valentina Saravia<\/b><span style=\"font-weight: 400;\"><br \/>\n<\/span><span style=\"font-weight: 400;\">2020<\/span><span style=\"font-weight: 400;\"><br \/>\n<\/span><span style=\"font-weight: 400;\">Licenciada en Qu\u00edmica<\/span><\/a><\/span><\/p>\n<p><\/div><\/td><\/tr><\/table><\/div><\/div>[vc_empty_space][\/vc_column][\/vc_row][vc_row css_animation=&#8221;&#8221; row_type=&#8221;row&#8221; use_row_as_full_screen_section=&#8221;no&#8221; type=&#8221;full_width&#8221; angled_section=&#8221;no&#8221; text_align=&#8221;left&#8221; background_image_as_pattern=&#8221;without_pattern&#8221;][vc_column][vc_empty_space height=&#8221;64px&#8221;]<div class='qode_parallax_layers ' style='height: 500px;' data-height=\"500\"><div class='qode_parallax_layers_holder preload_parallax_layers'><div class=\"image\" style=\"background-image:url(https:\/\/laesunc.fcq.unc.edu.ar\/wp-content\/uploads\/2019\/10\/layer3.jpg);\" ><\/div><\/div><\/div>[\/vc_column][\/vc_row]<\/p>\n","protected":false},"excerpt":{"rendered":"<p>[vc_row css_animation=&#8221;&#8221; row_type=&#8221;row&#8221; use_row_as_full_screen_section=&#8221;no&#8221; type=&#8221;full_width&#8221; angled_section=&#8221;no&#8221; text_align=&#8221;left&#8221; background_image_as_pattern=&#8221;without_pattern&#8221;][vc_column][vc_empty_space height=&#8221;80px&#8221;][\/vc_column][\/vc_row][vc_row css_animation=&#8221;&#8221; row_type=&#8221;row&#8221; use_row_as_full_screen_section=&#8221;no&#8221; type=&#8221;grid&#8221; angled_section=&#8221;no&#8221; text_align=&#8221;left&#8221; background_image_as_pattern=&#8221;without_pattern&#8221; z_index=&#8221;&#8221;][vc_column][vc_column_text] Tesis de Postgrado [\/vc_column_text][vc_empty_space][\/vc_column][\/vc_row][vc_row css_animation=&#8221;&#8221; row_type=&#8221;row&#8221; use_row_as_full_screen_section=&#8221;no&#8221; type=&#8221;grid&#8221; angled_section=&#8221;no&#8221; text_align=&#8221;left&#8221; background_image_as_pattern=&#8221;without_pattern&#8221; z_index=&#8221;&#8221;][vc_column width=&#8221;1\/5&#8243;][\/vc_column][vc_column width=&#8221;1\/5&#8243;][\/vc_column][vc_column width=&#8221;1\/5&#8243;][\/vc_column][vc_column width=&#8221;1\/5&#8243;][\/vc_column][vc_column width=&#8221;1\/5&#8243;][\/vc_column][\/vc_row][vc_row css_animation=&#8221;&#8221; row_type=&#8221;row&#8221; use_row_as_full_screen_section=&#8221;no&#8221; type=&#8221;grid&#8221; angled_section=&#8221;no&#8221; text_align=&#8221;left&#8221; background_image_as_pattern=&#8221;without_pattern&#8221; z_index=&#8221;&#8221;][vc_column width=&#8221;1\/5&#8243;][\/vc_column][vc_column width=&#8221;1\/5&#8243;][\/vc_column][vc_column width=&#8221;1\/5&#8243;][\/vc_column][vc_column&#8230;<\/p>\n","protected":false},"author":1,"featured_media":0,"parent":388,"menu_order":0,"comment_status":"closed","ping_status":"closed","template":"full_width.php","meta":{"footnotes":""},"class_list":["post-392","page","type-page","status-publish","hentry"],"_links":{"self":[{"href":"https:\/\/laesunc.fcq.unc.edu.ar\/index.php?rest_route=\/wp\/v2\/pages\/392"}],"collection":[{"href":"https:\/\/laesunc.fcq.unc.edu.ar\/index.php?rest_route=\/wp\/v2\/pages"}],"about":[{"href":"https:\/\/laesunc.fcq.unc.edu.ar\/index.php?rest_route=\/wp\/v2\/types\/page"}],"author":[{"embeddable":true,"href":"https:\/\/laesunc.fcq.unc.edu.ar\/index.php?rest_route=\/wp\/v2\/users\/1"}],"replies":[{"embeddable":true,"href":"https:\/\/laesunc.fcq.unc.edu.ar\/index.php?rest_route=%2Fwp%2Fv2%2Fcomments&post=392"}],"version-history":[{"count":96,"href":"https:\/\/laesunc.fcq.unc.edu.ar\/index.php?rest_route=\/wp\/v2\/pages\/392\/revisions"}],"predecessor-version":[{"id":1385,"href":"https:\/\/laesunc.fcq.unc.edu.ar\/index.php?rest_route=\/wp\/v2\/pages\/392\/revisions\/1385"}],"up":[{"embeddable":true,"href":"https:\/\/laesunc.fcq.unc.edu.ar\/index.php?rest_route=\/wp\/v2\/pages\/388"}],"wp:attachment":[{"href":"https:\/\/laesunc.fcq.unc.edu.ar\/index.php?rest_route=%2Fwp%2Fv2%2Fmedia&parent=392"}],"curies":[{"name":"wp","href":"https:\/\/api.w.org\/{rel}","templated":true}]}}